{"id":5122,"date":"2025-08-10T23:45:46","date_gmt":"2025-08-10T20:45:46","guid":{"rendered":"https:\/\/tutkuburo.com\/?post_type=product&#038;p=5122"},"modified":"2025-08-10T23:45:46","modified_gmt":"2025-08-10T20:45:46","slug":"gokce-doner-guest-chrome-stella-arm","status":"publish","type":"product","link":"https:\/\/tutkuburo.com\/en\/gokce-doner-guest-chrome-stella-arm\/","title":{"rendered":"G\u00d6K\u00c7E D\u00d6NER GUEST CHROME STELLA HANDLE"},"content":{"rendered":"<h2>Technical Specifications<\/h2>\n<p>Leg: Chrome<br \/>\nSurface Covering: Mesh<br \/>\nArmrest: Plastic<br \/>\nFoot Shape: Star<br \/>\nHeight Adjustment: No<br \/>\nSeat Material: Mesh<br \/>\nBack Material: Mesh<\/p>","protected":false},"excerpt":{"rendered":"<p>Technical Specifications Leg: Chrome Surface Upholstery: Mesh Armrest: Plastic Leg Shape: Star Height Adjustment: None Seat Material: Mesh Back Material: Mesh<\/p>","protected":false},"featured_media":5125,"comment_status":"open","ping_status":"closed","template":"","meta":[],"product_brand":[],"product_cat":[44],"product_tag":[],"class_list":{"0":"post-5122","1":"product","2":"type-product","3":"status-publish","4":"has-post-thumbnail","6":"product_cat-ofis-mobilyalari","8":"first","9":"instock","10":"shipping-taxable","11":"product-type-simple"},"_links":{"self":[{"href":"https:\/\/tutkuburo.com\/en\/wp-json\/wp\/v2\/product\/5122","targetHints":{"allow":["GET"]}}],"collection":[{"href":"https:\/\/tutkuburo.com\/en\/wp-json\/wp\/v2\/product"}],"about":[{"href":"https:\/\/tutkuburo.com\/en\/wp-json\/wp\/v2\/types\/product"}],"replies":[{"embeddable":true,"href":"https:\/\/tutkuburo.com\/en\/wp-json\/wp\/v2\/comments?post=5122"}],"version-history":[{"count":0,"href":"https:\/\/tutkuburo.com\/en\/wp-json\/wp\/v2\/product\/5122\/revisions"}],"wp:featuredmedia":[{"embeddable":true,"href":"https:\/\/tutkuburo.com\/en\/wp-json\/wp\/v2\/media\/5125"}],"wp:attachment":[{"href":"https:\/\/tutkuburo.com\/en\/wp-json\/wp\/v2\/media?parent=5122"}],"wp:term":[{"taxonomy":"product_brand","embeddable":true,"href":"https:\/\/tutkuburo.com\/en\/wp-json\/wp\/v2\/product_brand?post=5122"},{"taxonomy":"product_cat","embeddable":true,"href":"https:\/\/tutkuburo.com\/en\/wp-json\/wp\/v2\/product_cat?post=5122"},{"taxonomy":"product_tag","embeddable":true,"href":"https:\/\/tutkuburo.com\/en\/wp-json\/wp\/v2\/product_tag?post=5122"}],"curies":[{"name":"wp","href":"https:\/\/api.w.org\/{rel}","templated":true}]}}