{"id":3402,"date":"2025-08-09T08:46:44","date_gmt":"2025-08-09T05:46:44","guid":{"rendered":"https:\/\/tutkuburo.com\/?post_type=product&#038;p=3402"},"modified":"2025-08-09T08:46:45","modified_gmt":"2025-08-09T05:46:45","slug":"venetian-table-set","status":"publish","type":"product","link":"https:\/\/tutkuburo.com\/en\/venetian-table-set\/","title":{"rendered":"VENICE TABLE SET"},"content":{"rendered":"<div><u>This stylish work set, sure to add a modern touch to your office spaces, stands out with its high-quality wood. Its elegant finish enlivens your office atmosphere, while its ergonomic design ensures comfort during long hours of work. Its functional structure and generous surface area are ideal for boosting your productivity. Its simple yet impressive details complement any office decor, helping you create a professional work environment. It&#039;s the perfect choice for boosting productivity and achieving a stylish look in your workplace.<br \/>\n<\/u><\/div>\n<div><u>\u00a0<\/u><\/div>\n<div><u>You can contact us for more information.<\/u><\/div>","protected":false},"excerpt":{"rendered":"<p>Ofis alanlar\u0131n\u0131za modern bir dokunu\u015f katacak bu \u015f\u0131k \u00e7al\u0131\u015fma seti, kaliteli ah\u015fap malzemesiyle \u00f6ne \u00e7\u0131k\u0131yor. Zarif cilas\u0131, ofisinizin atmosferini canland\u0131r\u0131rken, ergonomik tasar\u0131m\u0131 uzun saatler s\u00fcren \u00e7al\u0131\u015fmalarda konfor sa\u011flar. Fonksiyonel yap\u0131s\u0131 ve geni\u015f y\u00fczey alan\u0131, verimlili\u011finizi art\u0131rmak i\u00e7in idealdir. Sade ama etkileyici detaylar\u0131, her t\u00fcrl\u00fc ofis dekoruna uyum sa\u011flarken profesyonel bir \u00e7al\u0131\u015fma ortam\u0131 olu\u015fturman\u0131za yard\u0131mc\u0131 olur. [&hellip;]<\/p>","protected":false},"featured_media":3403,"comment_status":"open","ping_status":"closed","template":"","meta":[],"product_brand":[],"product_cat":[44,45],"product_tag":[],"class_list":{"0":"post-3402","1":"product","2":"type-product","3":"status-publish","4":"has-post-thumbnail","6":"product_cat-ofis-mobilyalari","7":"product_cat-yonetici-masa-takimlari","9":"first","10":"instock","11":"shipping-taxable","12":"product-type-simple"},"_links":{"self":[{"href":"https:\/\/tutkuburo.com\/en\/wp-json\/wp\/v2\/product\/3402","targetHints":{"allow":["GET"]}}],"collection":[{"href":"https:\/\/tutkuburo.com\/en\/wp-json\/wp\/v2\/product"}],"about":[{"href":"https:\/\/tutkuburo.com\/en\/wp-json\/wp\/v2\/types\/product"}],"replies":[{"embeddable":true,"href":"https:\/\/tutkuburo.com\/en\/wp-json\/wp\/v2\/comments?post=3402"}],"version-history":[{"count":0,"href":"https:\/\/tutkuburo.com\/en\/wp-json\/wp\/v2\/product\/3402\/revisions"}],"wp:featuredmedia":[{"embeddable":true,"href":"https:\/\/tutkuburo.com\/en\/wp-json\/wp\/v2\/media\/3403"}],"wp:attachment":[{"href":"https:\/\/tutkuburo.com\/en\/wp-json\/wp\/v2\/media?parent=3402"}],"wp:term":[{"taxonomy":"product_brand","embeddable":true,"href":"https:\/\/tutkuburo.com\/en\/wp-json\/wp\/v2\/product_brand?post=3402"},{"taxonomy":"product_cat","embeddable":true,"href":"https:\/\/tutkuburo.com\/en\/wp-json\/wp\/v2\/product_cat?post=3402"},{"taxonomy":"product_tag","embeddable":true,"href":"https:\/\/tutkuburo.com\/en\/wp-json\/wp\/v2\/product_tag?post=3402"}],"curies":[{"name":"wp","href":"https:\/\/api.w.org\/{rel}","templated":true}]}}