{"id":5144,"date":"2025-08-10T23:51:28","date_gmt":"2025-08-10T20:51:28","guid":{"rendered":"https:\/\/tutkuburo.com\/?post_type=product&#038;p=5144"},"modified":"2025-08-10T23:51:28","modified_gmt":"2025-08-10T20:51:28","slug":"%d8%b7%d9%82%d9%85-%d8%a3%d8%b1%d9%8a%d9%83%d8%a9-%d9%81%d9%8a%d8%b1%d9%8a","status":"publish","type":"product","link":"https:\/\/tutkuburo.com\/ar\/%d8%b7%d9%82%d9%85-%d8%a3%d8%b1%d9%8a%d9%83%d8%a9-%d9%81%d9%8a%d8%b1%d9%8a\/","title":{"rendered":"\u0637\u0642\u0645 \u0623\u0631\u064a\u0643\u0629 \u0641\u064a\u0631\u064a"},"content":{"rendered":"<p>\u0627\u0644\u062a\u0635\u0645\u064a\u0645 \u0627\u0644\u062d\u062f\u064a\u062b<\/p>\n<p>\u0627\u0644\u063a\u0644\u0627\u0641 \u0628\u064a\u0636\u0627\u0648\u064a \u0627\u0644\u0634\u0643\u0644 \u0648\u0645\u0631\u0626\u064a \u0628\u0634\u0643\u0644 \u0644\u0627 \u064a\u0635\u062f\u0642 \u0623\u062b\u0646\u0627\u0621 \u0645\u0645\u0627\u0631\u0633\u0629 \u0631\u064a\u0627\u0636\u0629 \u0643\u0645\u0627\u0644 \u0627\u0644\u0623\u062c\u0633\u0627\u0645<br \/>\n\u062a\u062c\u0630\u0628 \u0627\u0644\u0627\u0646\u062a\u0628\u0627\u0647 \u0628\u0623\u0646\u0627\u0642\u062a\u0647\u0627. \u062a\u062a\u0645\u064a\u0632 \u0623\u0631\u064a\u0643\u0629 \u0641\u064a\u0631\u064a \u0628\u062a\u0635\u0645\u064a\u0645 \u0648\u0627\u0636\u062d \u0648<br \/>\n\u0648\u064a\u062e\u0644\u0642 \u0634\u0643\u0644\u0627\u064b \u064a\u062a\u0646\u0627\u063a\u0645 \u0645\u0639 \u062a\u0628\u0627\u064a\u0646 \u0627\u0644\u0623\u062b\u0627\u062b \u0628\u062e\u0637\u0648\u0637\u0647 \u0627\u0644\u0645\u062e\u062a\u0644\u0641\u0629.<br \/>\n\u062a\u0639\u062a\u0628\u0631 \u0623\u0631\u064a\u0643\u0629 \u0641\u064a\u0631\u064a \u062e\u064a\u0627\u0631\u064b\u0627 \u0645\u062b\u0627\u0644\u064a\u064b\u0627 \u0644\u0644\u0645\u0633\u0627\u062d\u0627\u062a \u0623\u0648 \u0627\u0644\u063a\u0631\u0641 \u0627\u0644\u0635\u063a\u064a\u0631\u0629 \u0630\u0627\u062a \u0627\u0644\u0647\u064a\u0643\u0644 \u0627\u0644\u0628\u0633\u064a\u0637.<br \/>\n\u064a\u0644\u0628\u064a \u0627\u0644\u0627\u062d\u062a\u064a\u0627\u062c\u0627\u062a \u0648\u064a\u062e\u0644\u0642 \u0646\u062a\u064a\u062c\u0629 \u0645\u062b\u0627\u0644\u064a\u0629.<\/p>","protected":false},"excerpt":{"rendered":"<p>MODERN TASARIM Zarf\u0131, v\u00fccut\u00e7u s\u0131ras\u0131nda oval tasar\u0131m\u0131yla ve in\u0131lmaz g\u00f6rsel h\u00e2lga\u011fl\u0131\u011f\u0131yla dikkatleri \u00fczerine \u00e7eker. Ferri Kanepe, ayak \u015fekliyle net ve farkl\u0131 \u00e7izgisiyle mobilya kontrast\u0131n\u0131 uyum sa\u011flayan bir \u015fekil olu\u015fturur. Ferr\u0131 Kanepe minimal yap\u0131s\u0131yla k\u00fc\u00e7\u00fck alanlar veya odalar i\u00e7in her t\u00fcrl\u00fc ihtiya\u00e7lar\u0131 kar\u015f\u0131lamaktad\u0131r m\u00fckemmel bir sonu\u00e7 yarat\u0131r.<\/p>","protected":false},"featured_media":5146,"comment_status":"open","ping_status":"closed","template":"","meta":[],"product_brand":[],"product_cat":[55,51],"product_tag":[],"class_list":{"0":"post-5144","1":"product","2":"type-product","3":"status-publish","4":"has-post-thumbnail","6":"product_cat-ofis-kanepeleri","7":"product_cat-ofis-koltuklari","9":"first","10":"instock","11":"shipping-taxable","12":"product-type-simple"},"_links":{"self":[{"href":"https:\/\/tutkuburo.com\/ar\/wp-json\/wp\/v2\/product\/5144","targetHints":{"allow":["GET"]}}],"collection":[{"href":"https:\/\/tutkuburo.com\/ar\/wp-json\/wp\/v2\/product"}],"about":[{"href":"https:\/\/tutkuburo.com\/ar\/wp-json\/wp\/v2\/types\/product"}],"replies":[{"embeddable":true,"href":"https:\/\/tutkuburo.com\/ar\/wp-json\/wp\/v2\/comments?post=5144"}],"version-history":[{"count":0,"href":"https:\/\/tutkuburo.com\/ar\/wp-json\/wp\/v2\/product\/5144\/revisions"}],"wp:featuredmedia":[{"embeddable":true,"href":"https:\/\/tutkuburo.com\/ar\/wp-json\/wp\/v2\/media\/5146"}],"wp:attachment":[{"href":"https:\/\/tutkuburo.com\/ar\/wp-json\/wp\/v2\/media?parent=5144"}],"wp:term":[{"taxonomy":"product_brand","embeddable":true,"href":"https:\/\/tutkuburo.com\/ar\/wp-json\/wp\/v2\/product_brand?post=5144"},{"taxonomy":"product_cat","embeddable":true,"href":"https:\/\/tutkuburo.com\/ar\/wp-json\/wp\/v2\/product_cat?post=5144"},{"taxonomy":"product_tag","embeddable":true,"href":"https:\/\/tutkuburo.com\/ar\/wp-json\/wp\/v2\/product_tag?post=5144"}],"curies":[{"name":"\u0648\u0648\u0631\u062f\u0628\u0631\u064a\u0633","href":"https:\/\/api.w.org\/{rel}","templated":true}]}}