{"id":4985,"date":"2025-08-10T23:30:14","date_gmt":"2025-08-10T20:30:14","guid":{"rendered":"https:\/\/tutkuburo.com\/?post_type=product&#038;p=4985"},"modified":"2025-08-10T23:30:14","modified_gmt":"2025-08-10T20:30:14","slug":"%d8%b7%d9%82%d9%85-%d8%a3%d8%b1%d9%8a%d9%83%d8%a9-%d9%86%d9%8a%d9%81%d8%a7","status":"publish","type":"product","link":"https:\/\/tutkuburo.com\/ar\/%d8%b7%d9%82%d9%85-%d8%a3%d8%b1%d9%8a%d9%83%d8%a9-%d9%86%d9%8a%d9%81%d8%a7\/","title":{"rendered":"\u0637\u0642\u0645 \u0623\u0631\u064a\u0643\u0629 \u0646\u064a\u0641\u0627"},"content":{"rendered":"<div><u>\u062a\u062a\u0645\u064a\u0632 \u0628\u062e\u0637\u0648\u0637\u0647\u0627 \u0627\u0644\u0639\u0635\u0631\u064a\u0629 \u0648\u062a\u0635\u0645\u064a\u0645\u0647\u0627 \u0627\u0644\u0639\u0645\u0644\u064a. \u0642\u0645\u0627\u0634\u0647\u0627 \u0639\u0627\u0644\u064a \u0627\u0644\u062c\u0648\u062f\u0629 \u0645\u062a\u064a\u0646 \u0648\u0646\u0627\u0639\u0645\u060c \u0645\u0645\u0627 \u064a\u0636\u0645\u0646 \u0644\u0644\u0623\u0631\u064a\u0643\u0629 \u0627\u0644\u062d\u0641\u0627\u0638 \u0639\u0644\u0649 \u062c\u0645\u0627\u0644\u0647\u0627 \u0644\u0633\u0646\u0648\u0627\u062a \u0637\u0648\u064a\u0644\u0629. \u0647\u0630\u0627 \u0627\u0644\u0642\u0645\u0627\u0634 \u0627\u0644\u0645\u0642\u0627\u0648\u0645 \u0644\u0644\u0628\u0642\u0639 \u0648\u0633\u0647\u0644 \u0627\u0644\u062a\u0646\u0638\u064a\u0641 \u0645\u062b\u0627\u0644\u064a \u0644\u0644\u0627\u0633\u062a\u062e\u062f\u0627\u0645 \u0627\u0644\u064a\u0648\u0645\u064a.<\/u><\/div>\n<div><u>\u00a0<\/u><\/div>\n<div><u>\u0644\u0631\u0627\u062d\u0629 \u0644\u0627 \u0645\u062b\u064a\u0644 \u0644\u0647\u0627\u060c \u0635\u064f\u0646\u0639 \u0637\u0642\u0645 \u0627\u0644\u0623\u0631\u064a\u0643\u0629 \u0647\u0630\u0627 \u0645\u0646 \u0625\u0633\u0641\u0646\u062c \u0639\u0627\u0644\u064a \u0627\u0644\u0643\u062b\u0627\u0641\u0629. \u064a\u062d\u0627\u0641\u0638 \u0627\u0644\u0625\u0633\u0641\u0646\u062c \u0627\u0644\u0645\u0633\u062a\u062e\u062f\u0645 \u0641\u064a \u0648\u0633\u0627\u0626\u062f \u0627\u0644\u0645\u0642\u0627\u0639\u062f \u0639\u0644\u0649 \u0634\u0643\u0644\u0647 \u062d\u062a\u0649 \u0628\u0639\u062f \u0627\u0644\u062c\u0644\u0648\u0633 \u0644\u0641\u062a\u0631\u0627\u062a \u0637\u0648\u064a\u0644\u0629\u060c \u0645\u0645\u0627 \u064a\u0648\u0641\u0631 \u0631\u0627\u062d\u0629 \u0625\u0636\u0627\u0641\u064a\u0629 \u0628\u0641\u0636\u0644 \u062a\u0648\u0627\u0641\u0642\u0647 \u0645\u0639 \u0634\u0643\u0644 \u0627\u0644\u062c\u0633\u0645. \u064a\u0648\u0641\u0631 \u0645\u0633\u0646\u062f \u0627\u0644\u0638\u0647\u0631 \u0648\u0645\u0633\u0627\u0646\u062f \u0627\u0644\u0630\u0631\u0627\u0639\u064a\u0646 \u0627\u0644\u0645\u0631\u064a\u062d\u0629 \u062f\u0639\u0645\u064b\u0627 \u0645\u062b\u0627\u0644\u064a\u064b\u0627 \u0644\u062a\u062c\u0631\u0628\u0629 \u062c\u0644\u0648\u0633 \u0645\u0631\u064a\u062d\u0629. \u0635\u064f\u0645\u0645\u062a \u0647\u0630\u0647 \u0627\u0644\u0623\u0631\u064a\u0643\u0629 \u0644\u0625\u0636\u0641\u0627\u0621 \u0644\u0645\u0633\u0629 \u0645\u0646 \u0627\u0644\u0623\u0646\u0627\u0642\u0629 \u0648\u0627\u0644\u0631\u0627\u062d\u0629 \u0639\u0644\u0649 \u0645\u0633\u0627\u062d\u0627\u062a \u0645\u0639\u064a\u0634\u062a\u0643.<\/u><\/div>","protected":false},"excerpt":{"rendered":"<p>Modern \u00e7izgileri ve i\u015flevsel tasar\u0131m\u0131yla \u00f6ne \u00e7\u0131kan bir \u00fcr\u00fcnd\u00fcr. Y\u00fcksek kaliteli kuma\u015f\u0131, hem dayan\u0131kl\u0131 hem de yumu\u015fak dokusuyla dikkat \u00e7eker; bu sayede kanepe, uzun y\u0131llar boyunca estetik g\u00f6r\u00fcn\u00fcm\u00fcn\u00fc korur. Ayn\u0131 zamanda leke tutmayan ve kolay temizlenen bu kuma\u015f, g\u00fcnl\u00fck kullan\u0131m i\u00e7in idealdir. \u00a0 Rahatl\u0131k a\u00e7\u0131s\u0131ndan, bu kanepe tak\u0131m\u0131 y\u00fcksek yo\u011funluklu s\u00fcngerlerle \u00fcretilmi\u015ftir. Oturum minderlerinde kullan\u0131lan [&hellip;]<\/p>","protected":false},"featured_media":5011,"comment_status":"open","ping_status":"closed","template":"","meta":[],"product_brand":[],"product_cat":[55,51],"product_tag":[],"class_list":{"0":"post-4985","1":"product","2":"type-product","3":"status-publish","4":"has-post-thumbnail","6":"product_cat-ofis-kanepeleri","7":"product_cat-ofis-koltuklari","9":"first","10":"instock","11":"shipping-taxable","12":"product-type-simple"},"_links":{"self":[{"href":"https:\/\/tutkuburo.com\/ar\/wp-json\/wp\/v2\/product\/4985","targetHints":{"allow":["GET"]}}],"collection":[{"href":"https:\/\/tutkuburo.com\/ar\/wp-json\/wp\/v2\/product"}],"about":[{"href":"https:\/\/tutkuburo.com\/ar\/wp-json\/wp\/v2\/types\/product"}],"replies":[{"embeddable":true,"href":"https:\/\/tutkuburo.com\/ar\/wp-json\/wp\/v2\/comments?post=4985"}],"version-history":[{"count":0,"href":"https:\/\/tutkuburo.com\/ar\/wp-json\/wp\/v2\/product\/4985\/revisions"}],"wp:featuredmedia":[{"embeddable":true,"href":"https:\/\/tutkuburo.com\/ar\/wp-json\/wp\/v2\/media\/5011"}],"wp:attachment":[{"href":"https:\/\/tutkuburo.com\/ar\/wp-json\/wp\/v2\/media?parent=4985"}],"wp:term":[{"taxonomy":"product_brand","embeddable":true,"href":"https:\/\/tutkuburo.com\/ar\/wp-json\/wp\/v2\/product_brand?post=4985"},{"taxonomy":"product_cat","embeddable":true,"href":"https:\/\/tutkuburo.com\/ar\/wp-json\/wp\/v2\/product_cat?post=4985"},{"taxonomy":"product_tag","embeddable":true,"href":"https:\/\/tutkuburo.com\/ar\/wp-json\/wp\/v2\/product_tag?post=4985"}],"curies":[{"name":"\u0648\u0648\u0631\u062f\u0628\u0631\u064a\u0633","href":"https:\/\/api.w.org\/{rel}","templated":true}]}}