{"id":3885,"date":"2025-08-10T00:35:36","date_gmt":"2025-08-09T21:35:36","guid":{"rendered":"https:\/\/tutkuburo.com\/?post_type=product&#038;p=3885"},"modified":"2025-08-10T00:35:36","modified_gmt":"2025-08-09T21:35:36","slug":"%d9%83%d8%b1%d8%b3%d9%8a-%d8%aa%d9%86%d9%81%d9%8a%d8%b0%d9%8a-%d8%ab%d9%84%d8%a7%d8%ab%d9%8a","status":"publish","type":"product","link":"https:\/\/tutkuburo.com\/ar\/%d9%83%d8%b1%d8%b3%d9%8a-%d8%aa%d9%86%d9%81%d9%8a%d8%b0%d9%8a-%d8%ab%d9%84%d8%a7%d8%ab%d9%8a\/","title":{"rendered":"\u0627\u0644\u0631\u0626\u064a\u0633 \u0627\u0644\u062a\u0646\u0641\u064a\u0630\u064a \u0644\u0634\u0631\u0643\u0629 \u062a\u0631\u064a\u0648"},"content":{"rendered":"<h2>\u062a\u0648\u0636\u064a\u062d<\/h2>\n<div class=\"form-group required\">\n<div><u>\u0628\u0641\u0636\u0644 \u062a\u0635\u0645\u064a\u0645\u0647 \u0627\u0644\u0623\u0646\u064a\u0642 \u0648\u062c\u0648\u062f\u0629 \u0645\u0648\u0627\u062f\u0647 \u0627\u0644\u0641\u0627\u0626\u0642\u0629\u060c \u064a\u064f\u0636\u0641\u064a \u0647\u0630\u0627 \u0627\u0644\u0643\u0631\u0633\u064a \u0644\u0645\u0633\u0629\u064b \u0645\u0646 \u0627\u0644\u0641\u062e\u0627\u0645\u0629 \u0639\u0644\u0649 \u0628\u064a\u0626\u0627\u062a \u0627\u0644\u0639\u0645\u0644. \u0635\u064f\u0645\u0645\u062a \u0645\u0633\u0627\u0646\u062f \u0630\u0631\u0627\u0639\u064a\u0647 \u0627\u0644\u0645\u0639\u062f\u0646\u064a\u0629 \u0644\u0644\u062d\u0641\u0627\u0638 \u0639\u0644\u0649 \u0645\u0644\u0645\u0633\u0647 \u0627\u0644\u0637\u0628\u064a\u0639\u064a\u060c \u0648\u0647\u064a \u0645\u062a\u064a\u0646\u0629 \u0644\u0633\u0646\u0648\u0627\u062a \u0637\u0648\u064a\u0644\u0629. \u062a\u064f\u0636\u0641\u064a \u062a\u0641\u0627\u0635\u064a\u0644 \u0627\u0644\u0643\u0631\u0648\u0645 \u0644\u0645\u0633\u0629\u064b \u0645\u0646 \u0627\u0644\u0623\u0646\u0627\u0642\u0629 \u0648\u0627\u0644\u0645\u062a\u0627\u0646\u0629\u060c \u0645\u0645\u0627 \u064a\u064f\u0636\u0641\u064a \u0644\u0645\u0633\u0629\u064b \u0645\u0646 \u0627\u0644\u0631\u0642\u064a \u0639\u0644\u0649 \u0627\u0644\u0645\u0643\u0627\u062a\u0628 \u0627\u0644\u062a\u0646\u0641\u064a\u0630\u064a\u0629.<\/u><\/div>\n<div><u>\u00a0<\/u><\/div>\n<div><u>\u0627\u0644\u062c\u0644\u062f \u0627\u0644\u0645\u0633\u062a\u062e\u062f\u0645 \u0641\u064a \u0627\u0644\u0623\u0631\u064a\u0643\u0629 \u0639\u0627\u0644\u064a \u0627\u0644\u062c\u0648\u062f\u0629\u060c \u0648\u064a\u062a\u0645\u064a\u0632 \u0628\u0633\u0637\u062d \u0646\u0627\u0639\u0645 \u0648\u0645\u062a\u064a\u0646. \u064a\u0648\u0641\u0631 \u0647\u0630\u0627 \u0627\u0644\u062c\u0644\u062f \u0627\u0644\u0642\u0627\u0628\u0644 \u0644\u0644\u062a\u0647\u0648\u064a\u0629 \u0631\u0627\u062d\u0629\u064b \u062d\u062a\u0649 \u0623\u062b\u0646\u0627\u0621 \u0627\u0644\u062c\u0644\u0648\u0633 \u0644\u0641\u062a\u0631\u0627\u062a \u0637\u0648\u064a\u0644\u0629\u060c \u0643\u0645\u0627 \u0623\u0646\u0647 \u0633\u0647\u0644 \u0627\u0644\u062a\u0646\u0638\u064a\u0641\u060c \u0645\u0645\u0627 \u064a\u062c\u0639\u0644\u0647 \u0639\u0645\u0644\u064a\u064b\u0627 \u0644\u0644\u0627\u0633\u062a\u062e\u062f\u0627\u0645. \u0623\u0645\u0627 \u0627\u0644\u0625\u0633\u0641\u0646\u062c \u0639\u0627\u0644\u064a \u0627\u0644\u0643\u062b\u0627\u0641\u0629 \u0627\u0644\u0645\u0633\u062a\u062e\u062f\u0645 \u0641\u064a \u0627\u0644\u0645\u0642\u0639\u062f\u060c \u0641\u064a\u0642\u0627\u0648\u0645 \u0627\u0644\u062a\u0631\u0647\u0644 \u0648\u064a\u062f\u0648\u0645 \u0637\u0648\u064a\u0644\u064b\u0627\u060c \u0645\u0645\u0627 \u064a\u0648\u0641\u0631 \u0631\u0627\u062d\u0629\u064b \u0641\u0627\u0626\u0642\u0629 \u0644\u0644\u0645\u0633\u062a\u062e\u062f\u0645.<\/u><\/div>\n<div><u>\u00a0<\/u><\/div>\n<div><u>\u062a\u0639\u0643\u0633 \u062a\u0641\u0627\u0635\u064a\u0644 \u0627\u0644\u062e\u064a\u0627\u0637\u0629 \u062f\u0642\u0629 \u0635\u0646\u0627\u0639\u0629 \u0647\u0630\u0627 \u0627\u0644\u0643\u0631\u0633\u064a. \u062a\u064f\u0639\u0632\u0632 \u0627\u0644\u062e\u064a\u0627\u0637\u0629 \u0627\u0644\u062f\u0642\u064a\u0642\u0629 \u0647\u064a\u0643\u0644 \u0627\u0644\u0643\u0631\u0633\u064a \u0648\u062a\u0645\u0646\u062d\u0647 \u0645\u0638\u0647\u0631\u064b\u0627 \u062c\u0645\u0627\u0644\u064a\u064b\u0627 \u062c\u0630\u0627\u0628\u064b\u0627. \u0625\u0646\u0647 \u062e\u064a\u0627\u0631 \u0645\u0645\u062a\u0627\u0632 \u064a\u064f\u0636\u0641\u064a \u0644\u0645\u0633\u0629 \u0645\u0646 \u0627\u0644\u0623\u0646\u0627\u0642\u0629 \u0648\u0627\u0644\u0631\u0627\u062d\u0629 \u0639\u0644\u0649 \u0645\u0633\u0627\u062d\u0627\u062a \u0645\u0643\u062a\u0628\u0643.<\/u><\/div>\n<\/div>","protected":false},"excerpt":{"rendered":"<p>A\u00e7\u0131klama Zarif tasar\u0131m\u0131 ve \u00fcst\u00fcn malzeme kalitesiyle profesyonel ortamlara prestij katan bir \u00fcr\u00fcnd\u00fcr. Koltu\u011fun metal kol destekleri, do\u011fal dokusunu koruyacak \u015fekilde i\u015flenmi\u015ftir ve dayan\u0131kl\u0131l\u0131\u011f\u0131yla uzun y\u0131llar kullan\u0131ma uygundur. Krom detaylar, koltu\u011fa hem \u015f\u0131kl\u0131k hem de sa\u011flaml\u0131k katarak y\u00f6netici odalar\u0131na sofistike bir hava getirir. \u00a0 Koltukta kullan\u0131lan deri, y\u00fcksek kalitede olup yumu\u015fak ve dayan\u0131kl\u0131 bir y\u00fczeye [&hellip;]<\/p>","protected":false},"featured_media":3886,"comment_status":"open","ping_status":"closed","template":"","meta":[],"product_brand":[],"product_cat":[44],"product_tag":[],"class_list":{"0":"post-3885","1":"product","2":"type-product","3":"status-publish","4":"has-post-thumbnail","6":"product_cat-ofis-mobilyalari","8":"first","9":"instock","10":"shipping-taxable","11":"product-type-simple"},"_links":{"self":[{"href":"https:\/\/tutkuburo.com\/ar\/wp-json\/wp\/v2\/product\/3885","targetHints":{"allow":["GET"]}}],"collection":[{"href":"https:\/\/tutkuburo.com\/ar\/wp-json\/wp\/v2\/product"}],"about":[{"href":"https:\/\/tutkuburo.com\/ar\/wp-json\/wp\/v2\/types\/product"}],"replies":[{"embeddable":true,"href":"https:\/\/tutkuburo.com\/ar\/wp-json\/wp\/v2\/comments?post=3885"}],"version-history":[{"count":0,"href":"https:\/\/tutkuburo.com\/ar\/wp-json\/wp\/v2\/product\/3885\/revisions"}],"wp:featuredmedia":[{"embeddable":true,"href":"https:\/\/tutkuburo.com\/ar\/wp-json\/wp\/v2\/media\/3886"}],"wp:attachment":[{"href":"https:\/\/tutkuburo.com\/ar\/wp-json\/wp\/v2\/media?parent=3885"}],"wp:term":[{"taxonomy":"product_brand","embeddable":true,"href":"https:\/\/tutkuburo.com\/ar\/wp-json\/wp\/v2\/product_brand?post=3885"},{"taxonomy":"product_cat","embeddable":true,"href":"https:\/\/tutkuburo.com\/ar\/wp-json\/wp\/v2\/product_cat?post=3885"},{"taxonomy":"product_tag","embeddable":true,"href":"https:\/\/tutkuburo.com\/ar\/wp-json\/wp\/v2\/product_tag?post=3885"}],"curies":[{"name":"\u0648\u0648\u0631\u062f\u0628\u0631\u064a\u0633","href":"https:\/\/api.w.org\/{rel}","templated":true}]}}