{"id":3522,"date":"2025-08-09T10:01:22","date_gmt":"2025-08-09T07:01:22","guid":{"rendered":"https:\/\/tutkuburo.com\/?post_type=product&#038;p=3522"},"modified":"2025-08-09T10:01:22","modified_gmt":"2025-08-09T07:01:22","slug":"%d8%a7%d9%84%d9%81%d8%b1%d9%8a%d9%82-%d8%a7%d9%84%d8%aa%d9%86%d9%81%d9%8a%d8%b0%d9%8a-%d9%84%d9%88%d9%84%d8%a7%d9%8a%d8%a9-%d9%85%d9%88%d9%86%d8%aa%d8%a7%d9%86%d8%a7","status":"publish","type":"product","link":"https:\/\/tutkuburo.com\/ar\/%d8%a7%d9%84%d9%81%d8%b1%d9%8a%d9%82-%d8%a7%d9%84%d8%aa%d9%86%d9%81%d9%8a%d8%b0%d9%8a-%d9%84%d9%88%d9%84%d8%a7%d9%8a%d8%a9-%d9%85%d9%88%d9%86%d8%aa%d8%a7%d9%86%d8%a7\/","title":{"rendered":"\u0641\u0631\u064a\u0642 \u0645\u0643\u062a\u0628 \u0645\u0648\u0646\u062a\u0627\u0646\u0627"},"content":{"rendered":"<div><u>\u064a\u062a\u0645\u064a\u0632 \u0647\u0630\u0627 \u0627\u0644\u0623\u062b\u0627\u062b \u0628\u062a\u0635\u0645\u064a\u0645\u0647 \u0627\u0644\u0639\u0635\u0631\u064a\u060c \u0648\u0647\u0648 \u0645\u0635\u0646\u0648\u0639 \u0645\u0646 \u062e\u0634\u0628 \u0645\u0636\u063a\u0648\u0637 \u0639\u0627\u0644\u064a \u0627\u0644\u062c\u0648\u062f\u0629 \u0628\u0633\u0645\u0643 18 \u0645\u0645\u060c \u0645\u0645\u0627 \u064a\u0636\u0645\u0646 \u062c\u0645\u0627\u0644\u064a\u0629 \u0627\u0644\u062a\u0635\u0645\u064a\u0645 \u0648\u0645\u062a\u0627\u0646\u062a\u0647. \u064a\u062a\u0645\u064a\u0632 \u0647\u0630\u0627 \u0627\u0644\u0645\u0646\u062a\u062c \u0628\u062a\u0641\u0627\u0635\u064a\u0644 \u0623\u0646\u064a\u0642\u0629 \u0648\u0645\u062a\u0627\u0646\u0629 \u0641\u0627\u0626\u0642\u0629\u060c \u0645\u0645\u0627 \u064a\u0636\u0645\u0646 \u0627\u0633\u062a\u062e\u062f\u0627\u0645\u064b\u0627 \u0637\u0648\u064a\u0644 \u0627\u0644\u0623\u0645\u062f \u0648\u064a\u0636\u064a\u0641 \u0644\u0645\u0633\u0629 \u0627\u062d\u062a\u0631\u0627\u0641\u064a\u0629 \u0625\u0644\u0649 \u0645\u0633\u0627\u062d\u062a\u0643. \u062a\u0635\u0645\u064a\u0645\u0647 \u0627\u0644\u0645\u0631\u064a\u062d \u064a\u0636\u0645\u0646 \u0627\u0644\u0631\u0627\u062d\u0629\u060c \u0628\u064a\u0646\u0645\u0627 \u062a\u064f\u0636\u0641\u064a \u0645\u0633\u0627\u062d\u062a\u0647 \u0627\u0644\u0648\u0627\u0633\u0639\u0629 \u0645\u0633\u0627\u062d\u0629 \u0639\u0645\u0644 \u0645\u062b\u0645\u0631\u0629. \u0625\u0646\u0647 \u062e\u064a\u0627\u0631 \u0645\u062b\u0627\u0644\u064a\u060c \u064a\u0645\u0632\u062c \u0628\u064a\u0646 \u0627\u0644\u0623\u0646\u0627\u0642\u0629 \u0648\u0627\u0644\u0639\u0645\u0644\u064a\u0629 \u0641\u064a \u0623\u064a \u062a\u0635\u0645\u064a\u0645 \u062f\u0627\u062e\u0644\u064a.<\/u><\/div>\n<div><u>\u00a0<\/u><\/div>\n<div><u>\u0644\u0645\u0632\u064a\u062f \u0645\u0646 \u0627\u0644\u0645\u0639\u0644\u0648\u0645\u0627\u062a\u060c \u064a\u0645\u0643\u0646\u0643 \u0627\u0644\u062a\u0648\u0627\u0635\u0644 \u0645\u0639\u0646\u0627 \u0639\u0628\u0631 \u0627\u062a\u0635\u0644 \u0628\u0646\u0627.<\/u><\/div>","protected":false},"excerpt":{"rendered":"<p>Modern tasar\u0131m\u0131yla \u00f6ne \u00e7\u0131kan bu mobilya, hem estetik hem de dayan\u0131kl\u0131l\u0131k sunmak i\u00e7in y\u00fcksek kaliteli 18mm yonga levha \u00fczerine \u00fcretilmi\u015ftir. Zarif detaylara sahip ve sa\u011flam yap\u0131da olan bu \u00fcr\u00fcn, uzun \u00f6m\u00fcrl\u00fc bir kullan\u0131m sa\u011flarken mekan\u0131n\u0131za profesyonel bir dokunu\u015f katar. Ergonomik yap\u0131s\u0131 sayesinde konfor sunar, geni\u015f y\u00fczey alan\u0131 ile verimli bir \u00e7al\u0131\u015fma alan\u0131 olu\u015fturur. Her t\u00fcrl\u00fc [&hellip;]<\/p>","protected":false},"featured_media":3524,"comment_status":"open","ping_status":"closed","template":"","meta":[],"product_brand":[],"product_cat":[44,45],"product_tag":[],"class_list":{"0":"post-3522","1":"product","2":"type-product","3":"status-publish","4":"has-post-thumbnail","6":"product_cat-ofis-mobilyalari","7":"product_cat-yonetici-masa-takimlari","9":"first","10":"instock","11":"shipping-taxable","12":"product-type-simple"},"_links":{"self":[{"href":"https:\/\/tutkuburo.com\/ar\/wp-json\/wp\/v2\/product\/3522","targetHints":{"allow":["GET"]}}],"collection":[{"href":"https:\/\/tutkuburo.com\/ar\/wp-json\/wp\/v2\/product"}],"about":[{"href":"https:\/\/tutkuburo.com\/ar\/wp-json\/wp\/v2\/types\/product"}],"replies":[{"embeddable":true,"href":"https:\/\/tutkuburo.com\/ar\/wp-json\/wp\/v2\/comments?post=3522"}],"version-history":[{"count":0,"href":"https:\/\/tutkuburo.com\/ar\/wp-json\/wp\/v2\/product\/3522\/revisions"}],"wp:featuredmedia":[{"embeddable":true,"href":"https:\/\/tutkuburo.com\/ar\/wp-json\/wp\/v2\/media\/3524"}],"wp:attachment":[{"href":"https:\/\/tutkuburo.com\/ar\/wp-json\/wp\/v2\/media?parent=3522"}],"wp:term":[{"taxonomy":"product_brand","embeddable":true,"href":"https:\/\/tutkuburo.com\/ar\/wp-json\/wp\/v2\/product_brand?post=3522"},{"taxonomy":"product_cat","embeddable":true,"href":"https:\/\/tutkuburo.com\/ar\/wp-json\/wp\/v2\/product_cat?post=3522"},{"taxonomy":"product_tag","embeddable":true,"href":"https:\/\/tutkuburo.com\/ar\/wp-json\/wp\/v2\/product_tag?post=3522"}],"curies":[{"name":"\u0648\u0648\u0631\u062f\u0628\u0631\u064a\u0633","href":"https:\/\/api.w.org\/{rel}","templated":true}]}}