{"id":3476,"date":"2025-08-09T09:48:18","date_gmt":"2025-08-09T06:48:18","guid":{"rendered":"https:\/\/tutkuburo.com\/?post_type=product&#038;p=3476"},"modified":"2025-08-09T09:48:18","modified_gmt":"2025-08-09T06:48:18","slug":"%d8%a8%d8%af%d9%84%d8%a9-%d8%a2%d8%b1%d9%8a%d8%a7-%d9%85%d8%a7%d9%83%d8%a7%d9%85","status":"publish","type":"product","link":"https:\/\/tutkuburo.com\/ar\/%d8%a8%d8%af%d9%84%d8%a9-%d8%a2%d8%b1%d9%8a%d8%a7-%d9%85%d8%a7%d9%83%d8%a7%d9%85\/","title":{"rendered":"\u0645\u062c\u0645\u0648\u0639\u0629 \u0645\u0643\u062a\u0628 \u0622\u0631\u064a\u0627"},"content":{"rendered":"<div><u>\u0647\u0630\u0647 \u0627\u0644\u0645\u062c\u0645\u0648\u0639\u0629 \u0627\u0644\u0623\u0646\u064a\u0642\u0629 \u0644\u0644\u0639\u0645\u0644\u060c \u0627\u0644\u062a\u064a \u0633\u062a\u0636\u0641\u064a \u0644\u0645\u0633\u0629 \u0639\u0635\u0631\u064a\u0629 \u0639\u0644\u0649 \u0645\u0633\u0627\u062d\u0627\u062a \u0645\u0643\u062a\u0628\u0643\u060c \u062a\u062a\u0645\u064a\u0632 \u0628\u062e\u0634\u0628\u0647\u0627 \u0639\u0627\u0644\u064a \u0627\u0644\u062c\u0648\u062f\u0629. \u0644\u0645\u0633\u062a\u0647\u0627 \u0627\u0644\u0623\u0646\u064a\u0642\u0629 \u062a\u064f\u0636\u0641\u064a \u062d\u064a\u0648\u064a\u0629 \u0639\u0644\u0649 \u0623\u062c\u0648\u0627\u0621 \u0645\u0643\u062a\u0628\u0643\u060c \u0628\u064a\u0646\u0645\u0627 \u064a\u0636\u0645\u0646 \u062a\u0635\u0645\u064a\u0645\u0647\u0627 \u0627\u0644\u0645\u0631\u064a\u062d \u0627\u0644\u0631\u0627\u062d\u0629 \u0623\u062b\u0646\u0627\u0621 \u0633\u0627\u0639\u0627\u062a \u0627\u0644\u0639\u0645\u0644 \u0627\u0644\u0637\u0648\u064a\u0644\u0629. \u0647\u064a\u0643\u0644\u0647\u0627 \u0627\u0644\u0639\u0645\u0644\u064a \u0648\u0645\u0633\u0627\u062d\u062a\u0647\u0627 \u0627\u0644\u0648\u0627\u0633\u0639\u0629 \u0645\u062b\u0627\u0644\u064a\u0627\u0646 \u0644\u062a\u0639\u0632\u064a\u0632 \u0625\u0646\u062a\u0627\u062c\u064a\u062a\u0643. \u062a\u0641\u0627\u0635\u064a\u0644\u0647\u0627 \u0627\u0644\u0628\u0633\u064a\u0637\u0629 \u0648\u0627\u0644\u0645\u0644\u0641\u062a\u0629 \u062a\u064f\u0643\u0645\u0644 \u062f\u064a\u0643\u0648\u0631 \u0623\u064a \u0645\u0643\u062a\u0628\u060c \u0645\u0645\u0627 \u064a\u0633\u0627\u0639\u062f\u0643 \u0639\u0644\u0649 \u062e\u0644\u0642 \u0628\u064a\u0626\u0629 \u0639\u0645\u0644 \u0627\u062d\u062a\u0631\u0627\u0641\u064a\u0629. \u0625\u0646\u0647\u0627 \u0627\u0644\u062e\u064a\u0627\u0631 \u0627\u0644\u0623\u0645\u062b\u0644 \u0644\u062a\u0639\u0632\u064a\u0632 \u0627\u0644\u0625\u0646\u062a\u0627\u062c\u064a\u0629 \u0648\u0625\u0636\u0641\u0627\u0621 \u0645\u0638\u0647\u0631 \u0623\u0646\u064a\u0642 \u0639\u0644\u0649 \u0645\u0643\u0627\u0646 \u0639\u0645\u0644\u0643.<br \/>\n<\/u><\/div>\n<div><u>\u00a0<\/u><\/div>\n<div><u>\u064a\u0645\u0643\u0646\u0643 \u0627\u0644\u062a\u0648\u0627\u0635\u0644 \u0645\u0639\u0646\u0627 \u0644\u0645\u0632\u064a\u062f \u0645\u0646 \u0627\u0644\u0645\u0639\u0644\u0648\u0645\u0627\u062a.<\/u><\/div>","protected":false},"excerpt":{"rendered":"<p>Ofis alanlar\u0131n\u0131za modern bir dokunu\u015f katacak bu \u015f\u0131k \u00e7al\u0131\u015fma seti, kaliteli ah\u015fap malzemesiyle \u00f6ne \u00e7\u0131k\u0131yor. Zarif cilas\u0131, ofisinizin atmosferini canland\u0131r\u0131rken, ergonomik tasar\u0131m\u0131 uzun saatler s\u00fcren \u00e7al\u0131\u015fmalarda konfor sa\u011flar. Fonksiyonel yap\u0131s\u0131 ve geni\u015f y\u00fczey alan\u0131, verimlili\u011finizi art\u0131rmak i\u00e7in idealdir. Sade ama etkileyici detaylar\u0131, her t\u00fcrl\u00fc ofis dekoruna uyum sa\u011flarken profesyonel bir \u00e7al\u0131\u015fma ortam\u0131 olu\u015fturman\u0131za yard\u0131mc\u0131 olur. [&hellip;]<\/p>","protected":false},"featured_media":3477,"comment_status":"open","ping_status":"closed","template":"","meta":[],"product_brand":[],"product_cat":[44,45],"product_tag":[],"class_list":{"0":"post-3476","1":"product","2":"type-product","3":"status-publish","4":"has-post-thumbnail","6":"product_cat-ofis-mobilyalari","7":"product_cat-yonetici-masa-takimlari","9":"first","10":"instock","11":"shipping-taxable","12":"product-type-simple"},"_links":{"self":[{"href":"https:\/\/tutkuburo.com\/ar\/wp-json\/wp\/v2\/product\/3476","targetHints":{"allow":["GET"]}}],"collection":[{"href":"https:\/\/tutkuburo.com\/ar\/wp-json\/wp\/v2\/product"}],"about":[{"href":"https:\/\/tutkuburo.com\/ar\/wp-json\/wp\/v2\/types\/product"}],"replies":[{"embeddable":true,"href":"https:\/\/tutkuburo.com\/ar\/wp-json\/wp\/v2\/comments?post=3476"}],"version-history":[{"count":0,"href":"https:\/\/tutkuburo.com\/ar\/wp-json\/wp\/v2\/product\/3476\/revisions"}],"wp:featuredmedia":[{"embeddable":true,"href":"https:\/\/tutkuburo.com\/ar\/wp-json\/wp\/v2\/media\/3477"}],"wp:attachment":[{"href":"https:\/\/tutkuburo.com\/ar\/wp-json\/wp\/v2\/media?parent=3476"}],"wp:term":[{"taxonomy":"product_brand","embeddable":true,"href":"https:\/\/tutkuburo.com\/ar\/wp-json\/wp\/v2\/product_brand?post=3476"},{"taxonomy":"product_cat","embeddable":true,"href":"https:\/\/tutkuburo.com\/ar\/wp-json\/wp\/v2\/product_cat?post=3476"},{"taxonomy":"product_tag","embeddable":true,"href":"https:\/\/tutkuburo.com\/ar\/wp-json\/wp\/v2\/product_tag?post=3476"}],"curies":[{"name":"\u0648\u0648\u0631\u062f\u0628\u0631\u064a\u0633","href":"https:\/\/api.w.org\/{rel}","templated":true}]}}