{"id":2739,"date":"2025-06-10T11:02:01","date_gmt":"2025-06-10T08:02:01","guid":{"rendered":"https:\/\/tutkuburo.com\/?page_id=2739"},"modified":"2025-06-12T09:36:42","modified_gmt":"2025-06-12T06:36:42","slug":"%d9%85%d8%b4%d8%b1%d9%88%d8%b9-%d8%aa%d8%b5%d9%85%d9%8a%d9%85","status":"publish","type":"page","link":"https:\/\/tutkuburo.com\/ar\/%d9%85%d8%b4%d8%b1%d9%88%d8%b9-%d8%aa%d8%b5%d9%85%d9%8a%d9%85\/","title":{"rendered":"\u0627\u0644\u062a\u0635\u0645\u064a\u0645 \u0648\u0627\u0644\u0645\u0634\u0631\u0648\u0639"},"content":{"rendered":"<div data-elementor-type=\"wp-page\" data-elementor-id=\"2739\" class=\"elementor elementor-2739\">\n\t\t\t\t<div class=\"elementor-element elementor-element-965b3ee e-flex e-con-boxed e-con e-parent\" data-id=\"965b3ee\" data-element_type=\"container\">\n\t\t\t\t\t<div class=\"e-con-inner\">\n\t\t<div class=\"elementor-element elementor-element-85735f2 e-con-full e-flex e-con e-child\" data-id=\"85735f2\" data-element_type=\"container\">\n\t\t\t\t<div class=\"elementor-element elementor-element-a7f8553 elementor-widget elementor-widget-image\" data-id=\"a7f8553\" data-element_type=\"widget\" data-widget_type=\"image.default\">\n\t\t\t\t<div class=\"elementor-widget-container\">\n\t\t\t\t\t\t\t\t\t\t\t\t\t\t\t\t<a href=\"https:\/\/tutkuburo.com\/ar\/%d9%85%d8%b4%d8%b1%d9%88%d8%b9%d9%86%d8%a7-%d8%a7%d9%84%d8%b3%d9%83%d9%86%d9%8a-%d8%af%d9%8a%d9%85%d9%8a%d8%b1%d9%84%d8%a7%d9%8a%d9%81\/\">\n\t\t\t\t\t\t\t<img fetchpriority=\"high\" decoding=\"async\" width=\"640\" height=\"426\" src=\"https:\/\/tutkuburo.com\/wp-content\/uploads\/2025\/06\/demirlife-konut-projemiz-1-1024x682.jpg\" class=\"attachment-large size-large wp-image-2745\" alt=\"\" srcset=\"https:\/\/tutkuburo.com\/wp-content\/uploads\/2025\/06\/demirlife-konut-projemiz-1-1024x682.jpg 1024w, https:\/\/tutkuburo.com\/wp-content\/uploads\/2025\/06\/demirlife-konut-projemiz-1-600x399.jpg 600w, https:\/\/tutkuburo.com\/wp-content\/uploads\/2025\/06\/demirlife-konut-projemiz-1-300x200.jpg 300w, https:\/\/tutkuburo.com\/wp-content\/uploads\/2025\/06\/demirlife-konut-projemiz-1-768x511.jpg 768w, https:\/\/tutkuburo.com\/wp-content\/uploads\/2025\/06\/demirlife-konut-projemiz-1.jpg 1065w\" sizes=\"(max-width: 640px) 100vw, 640px\" title=\"\">\t\t\t\t\t\t\t\t<\/a>\n\t\t\t\t\t\t\t\t\t\t\t\t\t\t\t<\/div>\n\t\t\t\t<\/div>\n\t\t\t\t<div class=\"elementor-element elementor-element-432d0d9 elementor-widget elementor-widget-heading\" data-id=\"432d0d9\" data-element_type=\"widget\" data-widget_type=\"heading.default\">\n\t\t\t\t<div class=\"elementor-widget-container\">\n\t\t\t\t\t<h2 class=\"elementor-heading-title elementor-size-default\"><a href=\"https:\/\/tutkuburo.com\/ar\/%d9%85%d8%b4%d8%b1%d9%88%d8%b9%d9%86%d8%a7-%d8%a7%d9%84%d8%b3%d9%83%d9%86%d9%8a-%d8%af%d9%8a%d9%85%d9%8a%d8%b1%d9%84%d8%a7%d9%8a%d9%81\/\">\u0645\u0634\u0631\u0648\u0639\u0646\u0627 \u0627\u0644\u0633\u0643\u0646\u064a \u062f\u064a\u0645\u064a\u0631\u0644\u0627\u064a\u0641<\/a><\/h2>\t\t\t\t<\/div>\n\t\t\t\t<\/div>\n\t\t\t\t<\/div>\n\t\t<div class=\"elementor-element elementor-element-daec9d9 e-con-full e-flex e-con e-child\" data-id=\"daec9d9\" data-element_type=\"container\">\n\t\t\t\t<div class=\"elementor-element elementor-element-81c8a76 elementor-widget elementor-widget-image\" data-id=\"81c8a76\" data-element_type=\"widget\" data-widget_type=\"image.default\">\n\t\t\t\t<div class=\"elementor-widget-container\">\n\t\t\t\t\t\t\t\t\t\t\t\t\t\t\t\t<a href=\"https:\/\/tutkuburo.com\/ar\/%d9%85%d8%b4%d8%b1%d9%88%d8%b9-%d9%81%d9%8a%d9%84%d8%a7-%d9%85%d8%ad%d9%84-%d9%81%d9%8a%d9%84%d8%a7-%d8%a7%d9%84%d8%ae%d8%a7%d8%b5-%d8%a8%d9%86%d8%a7\/\">\n\t\t\t\t\t\t\t<img decoding=\"async\" width=\"640\" height=\"427\" src=\"https:\/\/tutkuburo.com\/wp-content\/uploads\/2025\/06\/villa-mahal-villa-projemiz-2-1024x683.jpg\" class=\"attachment-large size-large wp-image-2746\" alt=\"\" srcset=\"https:\/\/tutkuburo.com\/wp-content\/uploads\/2025\/06\/villa-mahal-villa-projemiz-2-1024x683.jpg 1024w, https:\/\/tutkuburo.com\/wp-content\/uploads\/2025\/06\/villa-mahal-villa-projemiz-2-600x400.jpg 600w, https:\/\/tutkuburo.com\/wp-content\/uploads\/2025\/06\/villa-mahal-villa-projemiz-2-300x200.jpg 300w, https:\/\/tutkuburo.com\/wp-content\/uploads\/2025\/06\/villa-mahal-villa-projemiz-2-768x512.jpg 768w, https:\/\/tutkuburo.com\/wp-content\/uploads\/2025\/06\/villa-mahal-villa-projemiz-2.jpg 1065w\" sizes=\"(max-width: 640px) 100vw, 640px\" title=\"\">\t\t\t\t\t\t\t\t<\/a>\n\t\t\t\t\t\t\t\t\t\t\t\t\t\t\t<\/div>\n\t\t\t\t<\/div>\n\t\t\t\t<div class=\"elementor-element elementor-element-453b1fd elementor-widget elementor-widget-heading\" data-id=\"453b1fd\" data-element_type=\"widget\" data-widget_type=\"heading.default\">\n\t\t\t\t<div class=\"elementor-widget-container\">\n\t\t\t\t\t<h2 class=\"elementor-heading-title elementor-size-default\"><a href=\"https:\/\/tutkuburo.com\/ar\/%d9%85%d8%b4%d8%b1%d9%88%d8%b9-%d9%81%d9%8a%d9%84%d8%a7-%d9%85%d8%ad%d9%84-%d9%81%d9%8a%d9%84%d8%a7-%d8%a7%d9%84%d8%ae%d8%a7%d8%b5-%d8%a8%d9%86%d8%a7\/\">\u0645\u0634\u0631\u0648\u0639 \u0641\u064a\u0644\u0627 \u0645\u062d\u0644 \u0641\u064a\u0644\u0627<\/a><\/h2>\t\t\t\t<\/div>\n\t\t\t\t<\/div>\n\t\t\t\t<\/div>\n\t\t<div class=\"elementor-element elementor-element-c637093 e-con-full e-flex e-con e-child\" data-id=\"c637093\" data-element_type=\"container\">\n\t\t\t\t<div class=\"elementor-element elementor-element-9281811 elementor-widget elementor-widget-image\" data-id=\"9281811\" data-element_type=\"widget\" data-widget_type=\"image.default\">\n\t\t\t\t<div class=\"elementor-widget-container\">\n\t\t\t\t\t\t\t\t\t\t\t\t\t\t\t\t<a href=\"https:\/\/tutkuburo.com\/ar\/%d8%a7%d9%84%d9%85%d9%82%d8%b1-%d8%a7%d9%84%d8%b1%d8%a6%d9%8a%d8%b3%d9%8a-%d9%84%d8%b4%d8%b1%d9%83%d8%a9-rams-%d9%81%d9%8a-%d8%aa%d8%b1%d9%83%d9%8a%d8%a7\/\">\n\t\t\t\t\t\t\t<img decoding=\"async\" width=\"640\" height=\"426\" src=\"https:\/\/tutkuburo.com\/wp-content\/uploads\/2025\/06\/rams-turkiye-genel-merkez-3-1-1024x682.jpg\" class=\"attachment-large size-large wp-image-2749\" alt=\"\" srcset=\"https:\/\/tutkuburo.com\/wp-content\/uploads\/2025\/06\/rams-turkiye-genel-merkez-3-1-1024x682.jpg 1024w, https:\/\/tutkuburo.com\/wp-content\/uploads\/2025\/06\/rams-turkiye-genel-merkez-3-1-600x399.jpg 600w, https:\/\/tutkuburo.com\/wp-content\/uploads\/2025\/06\/rams-turkiye-genel-merkez-3-1-300x200.jpg 300w, https:\/\/tutkuburo.com\/wp-content\/uploads\/2025\/06\/rams-turkiye-genel-merkez-3-1-768x511.jpg 768w, https:\/\/tutkuburo.com\/wp-content\/uploads\/2025\/06\/rams-turkiye-genel-merkez-3-1.jpg 1065w\" sizes=\"(max-width: 640px) 100vw, 640px\" title=\"\">\t\t\t\t\t\t\t\t<\/a>\n\t\t\t\t\t\t\t\t\t\t\t\t\t\t\t<\/div>\n\t\t\t\t<\/div>\n\t\t\t\t<div class=\"elementor-element elementor-element-cc4d2f6 elementor-widget elementor-widget-heading\" data-id=\"cc4d2f6\" data-element_type=\"widget\" data-widget_type=\"heading.default\">\n\t\t\t\t<div class=\"elementor-widget-container\">\n\t\t\t\t\t<h2 class=\"elementor-heading-title elementor-size-default\"><a href=\"https:\/\/tutkuburo.com\/ar\/%d8%a7%d9%84%d9%85%d9%82%d8%b1-%d8%a7%d9%84%d8%b1%d8%a6%d9%8a%d8%b3%d9%8a-%d9%84%d8%b4%d8%b1%d9%83%d8%a9-rams-%d9%81%d9%8a-%d8%aa%d8%b1%d9%83%d9%8a%d8%a7\/\">\u0627\u0644\u0645\u0642\u0631 \u0627\u0644\u0631\u0626\u064a\u0633\u064a \u0644\u0634\u0631\u0643\u0629 \u0631\u0627\u0645\u0632 \u062a\u0631\u0643\u064a\u0627<\/a><\/h2>\t\t\t\t<\/div>\n\t\t\t\t<\/div>\n\t\t\t\t<\/div>\n\t\t<div class=\"elementor-element elementor-element-abc9156 e-con-full e-flex e-con e-child\" data-id=\"abc9156\" data-element_type=\"container\">\n\t\t\t\t<div class=\"elementor-element elementor-element-3fcda9a elementor-widget elementor-widget-image\" data-id=\"3fcda9a\" data-element_type=\"widget\" data-widget_type=\"image.default\">\n\t\t\t\t<div class=\"elementor-widget-container\">\n\t\t\t\t\t\t\t\t\t\t\t\t\t\t\t\t<a href=\"https:\/\/tutkuburo.com\/ar\/%d9%85%d8%b4%d8%b1%d9%88%d8%b9-%d9%81%d9%8a%d9%84%d8%a7-%d8%a8%d9%8a%d9%84%d9%8a%d9%83%d8%af%d9%88%d8%b2%d9%88-%d9%8a%d8%a7%d9%83%d9%88%d8%a8%d9%84%d9%88\/\">\n\t\t\t\t\t\t\t<img loading=\"lazy\" decoding=\"async\" width=\"640\" height=\"426\" src=\"https:\/\/tutkuburo.com\/wp-content\/uploads\/2025\/06\/beylikduzu-yakuplu-villa-projemiz-4-1-1024x682.jpg\" class=\"attachment-large size-large wp-image-2756\" alt=\"\" srcset=\"https:\/\/tutkuburo.com\/wp-content\/uploads\/2025\/06\/beylikduzu-yakuplu-villa-projemiz-4-1-1024x682.jpg 1024w, https:\/\/tutkuburo.com\/wp-content\/uploads\/2025\/06\/beylikduzu-yakuplu-villa-projemiz-4-1-600x399.jpg 600w, https:\/\/tutkuburo.com\/wp-content\/uploads\/2025\/06\/beylikduzu-yakuplu-villa-projemiz-4-1-300x200.jpg 300w, https:\/\/tutkuburo.com\/wp-content\/uploads\/2025\/06\/beylikduzu-yakuplu-villa-projemiz-4-1-768x511.jpg 768w, https:\/\/tutkuburo.com\/wp-content\/uploads\/2025\/06\/beylikduzu-yakuplu-villa-projemiz-4-1.jpg 1065w\" sizes=\"(max-width: 640px) 100vw, 640px\" title=\"\">\t\t\t\t\t\t\t\t<\/a>\n\t\t\t\t\t\t\t\t\t\t\t\t\t\t\t<\/div>\n\t\t\t\t<\/div>\n\t\t\t\t<div class=\"elementor-element elementor-element-265acce elementor-widget elementor-widget-heading\" data-id=\"265acce\" data-element_type=\"widget\" data-widget_type=\"heading.default\">\n\t\t\t\t<div class=\"elementor-widget-container\">\n\t\t\t\t\t<h2 class=\"elementor-heading-title elementor-size-default\"><a href=\"https:\/\/tutkuburo.com\/ar\/%d9%85%d8%b4%d8%b1%d9%88%d8%b9-%d9%81%d9%8a%d9%84%d8%a7-%d8%a8%d9%8a%d9%84%d9%8a%d9%83%d8%af%d9%88%d8%b2%d9%88-%d9%8a%d8%a7%d9%83%d9%88%d8%a8%d9%84%d9%88\/\">\u0645\u0634\u0631\u0648\u0639 \u0641\u064a\u0644\u0627 \u0628\u064a\u0644\u064a\u0643\u062f\u0648\u0632\u0648 \u064a\u0627\u0643\u0648\u0628\u0644\u0648<\/a><\/h2>\t\t\t\t<\/div>\n\t\t\t\t<\/div>\n\t\t\t\t<\/div>\n\t\t<div class=\"elementor-element elementor-element-d58bd7f e-con-full e-flex e-con e-child\" data-id=\"d58bd7f\" data-element_type=\"container\">\n\t\t\t\t<div class=\"elementor-element elementor-element-4f5af9d elementor-widget elementor-widget-image\" data-id=\"4f5af9d\" data-element_type=\"widget\" data-widget_type=\"image.default\">\n\t\t\t\t<div class=\"elementor-widget-container\">\n\t\t\t\t\t\t\t\t\t\t\t\t\t\t\t\t<a href=\"https:\/\/tutkuburo.com\/ar\/%d8%ba%d8%b1%d9%81%d8%a9-%d8%a7%d9%84%d9%81%d9%86%d9%88%d9%86-%d8%a7%d9%84%d8%a8%d8%b5%d8%b1%d9%8a%d8%a9-%d9%81%d9%8a-%d9%85%d8%af%d8%a7%d8%b1%d8%b3-%d8%ba%d8%a7%d8%b2%d9%8a-%d8%b9%d8%ab%d9%85%d8%a7\/\">\n\t\t\t\t\t\t\t<img loading=\"lazy\" decoding=\"async\" width=\"640\" height=\"426\" src=\"https:\/\/tutkuburo.com\/wp-content\/uploads\/2025\/06\/gaziosmanpasa-ugur-okullari-gorsel-sanatlar-odasi-5-1024x682.jpeg\" class=\"attachment-large size-large wp-image-2755\" alt=\"\" srcset=\"https:\/\/tutkuburo.com\/wp-content\/uploads\/2025\/06\/gaziosmanpasa-ugur-okullari-gorsel-sanatlar-odasi-5-1024x682.jpeg 1024w, https:\/\/tutkuburo.com\/wp-content\/uploads\/2025\/06\/gaziosmanpasa-ugur-okullari-gorsel-sanatlar-odasi-5-600x399.jpeg 600w, https:\/\/tutkuburo.com\/wp-content\/uploads\/2025\/06\/gaziosmanpasa-ugur-okullari-gorsel-sanatlar-odasi-5-300x200.jpeg 300w, https:\/\/tutkuburo.com\/wp-content\/uploads\/2025\/06\/gaziosmanpasa-ugur-okullari-gorsel-sanatlar-odasi-5-768x511.jpeg 768w, https:\/\/tutkuburo.com\/wp-content\/uploads\/2025\/06\/gaziosmanpasa-ugur-okullari-gorsel-sanatlar-odasi-5.jpeg 1065w\" sizes=\"(max-width: 640px) 100vw, 640px\" title=\"\">\t\t\t\t\t\t\t\t<\/a>\n\t\t\t\t\t\t\t\t\t\t\t\t\t\t\t<\/div>\n\t\t\t\t<\/div>\n\t\t\t\t<div class=\"elementor-element elementor-element-7aa3c85 elementor-widget elementor-widget-heading\" data-id=\"7aa3c85\" data-element_type=\"widget\" data-widget_type=\"heading.default\">\n\t\t\t\t<div class=\"elementor-widget-container\">\n\t\t\t\t\t<h2 class=\"elementor-heading-title elementor-size-default\"><a href=\"https:\/\/tutkuburo.com\/ar\/%d8%ba%d8%b1%d9%81%d8%a9-%d8%a7%d9%84%d9%81%d9%86%d9%88%d9%86-%d8%a7%d9%84%d8%a8%d8%b5%d8%b1%d9%8a%d8%a9-%d9%81%d9%8a-%d9%85%d8%af%d8%a7%d8%b1%d8%b3-%d8%ba%d8%a7%d8%b2%d9%8a-%d8%b9%d8%ab%d9%85%d8%a7\/\">\u063a\u0631\u0641\u0629 \u0627\u0644\u0641\u0646\u0648\u0646 \u0627\u0644\u0628\u0635\u0631\u064a\u0629 \u0628\u0645\u062f\u0627\u0631\u0633 \u063a\u0627\u0632\u064a \u0639\u062b\u0645\u0627\u0646 \u0628\u0627\u0634\u0627 \u0623\u0648\u063a\u0648\u0631<\/a><\/h2>\t\t\t\t<\/div>\n\t\t\t\t<\/div>\n\t\t\t\t<\/div>\n\t\t<div class=\"elementor-element elementor-element-2348443 e-con-full e-flex e-con e-child\" data-id=\"2348443\" data-element_type=\"container\">\n\t\t\t\t<div class=\"elementor-element elementor-element-7f9a43d elementor-widget elementor-widget-image\" data-id=\"7f9a43d\" data-element_type=\"widget\" data-widget_type=\"image.default\">\n\t\t\t\t<div class=\"elementor-widget-container\">\n\t\t\t\t\t\t\t\t\t\t\t\t\t\t\t\t<a href=\"https:\/\/tutkuburo.com\/ar\/%d9%81%d9%8a%d9%84%d8%a7%d8%aa-%d9%8a%d8%a7%d8%b3%d8%a7-%d9%83%d8%a7%d9%85%d9%84%d9%8a%d9%83%d8%a7\/\">\n\t\t\t\t\t\t\t<img loading=\"lazy\" decoding=\"async\" width=\"640\" height=\"426\" src=\"https:\/\/tutkuburo.com\/wp-content\/uploads\/2025\/06\/yasa-camlica-villalari-6-1-1024x682.jpg\" class=\"attachment-large size-large wp-image-2767\" alt=\"\" srcset=\"https:\/\/tutkuburo.com\/wp-content\/uploads\/2025\/06\/yasa-camlica-villalari-6-1-1024x682.jpg 1024w, https:\/\/tutkuburo.com\/wp-content\/uploads\/2025\/06\/yasa-camlica-villalari-6-1-600x399.jpg 600w, https:\/\/tutkuburo.com\/wp-content\/uploads\/2025\/06\/yasa-camlica-villalari-6-1-300x200.jpg 300w, https:\/\/tutkuburo.com\/wp-content\/uploads\/2025\/06\/yasa-camlica-villalari-6-1-768x511.jpg 768w, https:\/\/tutkuburo.com\/wp-content\/uploads\/2025\/06\/yasa-camlica-villalari-6-1.jpg 1065w\" sizes=\"(max-width: 640px) 100vw, 640px\" title=\"\">\t\t\t\t\t\t\t\t<\/a>\n\t\t\t\t\t\t\t\t\t\t\t\t\t\t\t<\/div>\n\t\t\t\t<\/div>\n\t\t\t\t<div class=\"elementor-element elementor-element-1918ec8 elementor-widget elementor-widget-heading\" data-id=\"1918ec8\" data-element_type=\"widget\" data-widget_type=\"heading.default\">\n\t\t\t\t<div class=\"elementor-widget-container\">\n\t\t\t\t\t<h2 class=\"elementor-heading-title elementor-size-default\"><a href=\"https:\/\/tutkuburo.com\/ar\/%d9%81%d9%8a%d9%84%d8%a7%d8%aa-%d9%8a%d8%a7%d8%b3%d8%a7-%d9%83%d8%a7%d9%85%d9%84%d9%8a%d9%83%d8%a7\/\">Yasa \u00c7aml\u0131ca Villas<\/a><\/h2>\t\t\t\t<\/div>\n\t\t\t\t<\/div>\n\t\t\t\t<\/div>\n\t\t<div class=\"elementor-element elementor-element-9ec381e e-con-full e-flex e-con e-child\" data-id=\"9ec381e\" data-element_type=\"container\">\n\t\t\t\t<div class=\"elementor-element elementor-element-52fb118 elementor-widget elementor-widget-image\" data-id=\"52fb118\" data-element_type=\"widget\" data-widget_type=\"image.default\">\n\t\t\t\t<div class=\"elementor-widget-container\">\n\t\t\t\t\t\t\t\t\t\t\t\t\t\t\t\t<a href=\"https:\/\/tutkuburo.com\/ar\/%d9%85%d8%b4%d8%b1%d9%88%d8%b9%d9%86%d8%a7-%d8%a7%d9%84%d8%b3%d9%83%d9%86%d9%8a-%d9%81%d9%8a-%d8%a3%d8%aa%d8%a7%d9%83%d9%88%d9%8a\/\">\n\t\t\t\t\t\t\t<img loading=\"lazy\" decoding=\"async\" width=\"640\" height=\"426\" src=\"https:\/\/tutkuburo.com\/wp-content\/uploads\/2025\/06\/atakoy-konut-projemiz-7-1024x682.jpg\" class=\"attachment-large size-large wp-image-2758\" alt=\"\" srcset=\"https:\/\/tutkuburo.com\/wp-content\/uploads\/2025\/06\/atakoy-konut-projemiz-7-1024x682.jpg 1024w, https:\/\/tutkuburo.com\/wp-content\/uploads\/2025\/06\/atakoy-konut-projemiz-7-600x399.jpg 600w, https:\/\/tutkuburo.com\/wp-content\/uploads\/2025\/06\/atakoy-konut-projemiz-7-300x200.jpg 300w, https:\/\/tutkuburo.com\/wp-content\/uploads\/2025\/06\/atakoy-konut-projemiz-7-768x511.jpg 768w, https:\/\/tutkuburo.com\/wp-content\/uploads\/2025\/06\/atakoy-konut-projemiz-7.jpg 1065w\" sizes=\"(max-width: 640px) 100vw, 640px\" title=\"\">\t\t\t\t\t\t\t\t<\/a>\n\t\t\t\t\t\t\t\t\t\t\t\t\t\t\t<\/div>\n\t\t\t\t<\/div>\n\t\t\t\t<div class=\"elementor-element elementor-element-c353155 elementor-widget elementor-widget-heading\" data-id=\"c353155\" data-element_type=\"widget\" data-widget_type=\"heading.default\">\n\t\t\t\t<div class=\"elementor-widget-container\">\n\t\t\t\t\t<h2 class=\"elementor-heading-title elementor-size-default\"><a href=\"https:\/\/tutkuburo.com\/ar\/%d9%85%d8%b4%d8%b1%d9%88%d8%b9%d9%86%d8%a7-%d8%a7%d9%84%d8%b3%d9%83%d9%86%d9%8a-%d9%81%d9%8a-%d8%a3%d8%aa%d8%a7%d9%83%d9%88%d9%8a\/\">\u0645\u0634\u0631\u0648\u0639\u0646\u0627 \u0627\u0644\u0633\u0643\u0646\u064a \u0641\u064a \u0623\u062a\u0627\u0643\u0648\u064a<\/a><\/h2>\t\t\t\t<\/div>\n\t\t\t\t<\/div>\n\t\t\t\t<\/div>\n\t\t<div class=\"elementor-element elementor-element-1524d04 e-con-full e-flex e-con e-child\" data-id=\"1524d04\" data-element_type=\"container\">\n\t\t\t\t<div class=\"elementor-element elementor-element-d28693c elementor-widget elementor-widget-image\" data-id=\"d28693c\" data-element_type=\"widget\" data-widget_type=\"image.default\">\n\t\t\t\t<div class=\"elementor-widget-container\">\n\t\t\t\t\t\t\t\t\t\t\t\t\t\t\t\t<a href=\"https:\/\/tutkuburo.com\/ar\/%d9%85%d8%b4%d8%b1%d9%88%d8%b9-%d9%81%d9%8a%d9%84%d8%a7-%d9%86%d8%a7%d9%83%d8%a7%d8%b3%d8%aa%d9%8a%d8%a8%d9%8a\/\">\n\t\t\t\t\t\t\t<img loading=\"lazy\" decoding=\"async\" width=\"640\" height=\"426\" src=\"https:\/\/tutkuburo.com\/wp-content\/uploads\/2025\/06\/nakkastepe-villa-projemiz-8-1024x682.jpg\" class=\"attachment-large size-large wp-image-2759\" alt=\"\" srcset=\"https:\/\/tutkuburo.com\/wp-content\/uploads\/2025\/06\/nakkastepe-villa-projemiz-8-1024x682.jpg 1024w, https:\/\/tutkuburo.com\/wp-content\/uploads\/2025\/06\/nakkastepe-villa-projemiz-8-600x399.jpg 600w, https:\/\/tutkuburo.com\/wp-content\/uploads\/2025\/06\/nakkastepe-villa-projemiz-8-300x200.jpg 300w, https:\/\/tutkuburo.com\/wp-content\/uploads\/2025\/06\/nakkastepe-villa-projemiz-8-768x511.jpg 768w, https:\/\/tutkuburo.com\/wp-content\/uploads\/2025\/06\/nakkastepe-villa-projemiz-8.jpg 1065w\" sizes=\"(max-width: 640px) 100vw, 640px\" title=\"\">\t\t\t\t\t\t\t\t<\/a>\n\t\t\t\t\t\t\t\t\t\t\t\t\t\t\t<\/div>\n\t\t\t\t<\/div>\n\t\t\t\t<div class=\"elementor-element elementor-element-2555697 elementor-widget elementor-widget-heading\" data-id=\"2555697\" data-element_type=\"widget\" data-widget_type=\"heading.default\">\n\t\t\t\t<div class=\"elementor-widget-container\">\n\t\t\t\t\t<h2 class=\"elementor-heading-title elementor-size-default\"><a href=\"https:\/\/tutkuburo.com\/ar\/%d9%85%d8%b4%d8%b1%d9%88%d8%b9-%d9%81%d9%8a%d9%84%d8%a7-%d9%86%d8%a7%d9%83%d8%a7%d8%b3%d8%aa%d9%8a%d8%a8%d9%8a\/\">\u0645\u0634\u0631\u0648\u0639 \u0641\u064a\u0644\u0627 \u0646\u0627\u0643\u0627\u0634 \u062a\u064a\u0628\u064a\n<\/a><\/h2>\t\t\t\t<\/div>\n\t\t\t\t<\/div>\n\t\t\t\t<\/div>\n\t\t\t\t\t<\/div>\n\t\t\t\t<\/div>\n\t\t\t\t<\/div>","protected":false},"excerpt":{"rendered":"<p>Demirlife Konut Projemiz Villa Mahal Villa Projemiz Rams T\u00fcrkiye Genel Merkez Beylikd\u00fcz\u00fc Yakuplu Villa Projemiz Gaziosmanpa\u015fa U\u011fur Okullar\u0131 G\u00f6rsel Sanatlar Odas\u0131 Yasa \u00c7aml\u0131ca Villalar\u0131 Atak\u00f6y Konut Projemiz Nakka\u015ftepe Villa Projemiz<\/p>","protected":false},"author":1,"featured_media":0,"parent":0,"menu_order":0,"comment_status":"closed","ping_status":"closed","template":"elementor_header_footer","meta":{"footnotes":""},"class_list":["post-2739","page","type-page","status-publish","hentry"],"_links":{"self":[{"href":"https:\/\/tutkuburo.com\/ar\/wp-json\/wp\/v2\/pages\/2739","targetHints":{"allow":["GET"]}}],"collection":[{"href":"https:\/\/tutkuburo.com\/ar\/wp-json\/wp\/v2\/pages"}],"about":[{"href":"https:\/\/tutkuburo.com\/ar\/wp-json\/wp\/v2\/types\/page"}],"author":[{"embeddable":true,"href":"https:\/\/tutkuburo.com\/ar\/wp-json\/wp\/v2\/users\/1"}],"replies":[{"embeddable":true,"href":"https:\/\/tutkuburo.com\/ar\/wp-json\/wp\/v2\/comments?post=2739"}],"version-history":[{"count":0,"href":"https:\/\/tutkuburo.com\/ar\/wp-json\/wp\/v2\/pages\/2739\/revisions"}],"wp:attachment":[{"href":"https:\/\/tutkuburo.com\/ar\/wp-json\/wp\/v2\/media?parent=2739"}],"curies":[{"name":"\u0648\u0648\u0631\u062f\u0628\u0631\u064a\u0633","href":"https:\/\/api.w.org\/{rel}","templated":true}]}}